{"id":73,"date":"2024-10-06T22:02:57","date_gmt":"2024-10-06T20:02:57","guid":{"rendered":"https:\/\/lux-editions.fr\/wwww2\/?page_id=73"},"modified":"2024-10-15T23:23:34","modified_gmt":"2024-10-15T21:23:34","slug":"faq","status":"publish","type":"page","link":"https:\/\/lux-editions.fr\/wwww2\/faq\/","title":{"rendered":"FAQ"},"content":{"rendered":"\t\t<div data-elementor-type=\"wp-page\" data-elementor-id=\"73\" class=\"elementor elementor-73\" data-elementor-post-type=\"page\">\n\t\t\t\t<div class=\"elementor-element elementor-element-137d04f e-flex e-con-boxed e-con e-parent\" data-id=\"137d04f\" data-element_type=\"container\">\n\t\t\t\t\t<div class=\"e-con-inner\">\n\t\t\t\t<div class=\"elementor-element elementor-element-d7b771e elementor-widget elementor-widget-toggle\" data-id=\"d7b771e\" data-element_type=\"widget\" data-widget_type=\"toggle.default\">\n\t\t\t\t<div class=\"elementor-widget-container\">\n\t\t\t\t\t\t\t<div class=\"elementor-toggle\">\n\t\t\t\t\t\t\t<div class=\"elementor-toggle-item\">\n\t\t\t\t\t<div id=\"elementor-tab-title-2261\" class=\"elementor-tab-title\" data-tab=\"1\" role=\"button\" aria-controls=\"elementor-tab-content-2261\" aria-expanded=\"false\">\n\t\t\t\t\t\t\t\t\t\t\t\t<span class=\"elementor-toggle-icon elementor-toggle-icon-left\" aria-hidden=\"true\">\n\t\t\t\t\t\t\t\t\t\t\t\t\t\t\t<span class=\"elementor-toggle-icon-closed\"><svg class=\"e-font-icon-svg e-fas-caret-right\" viewBox=\"0 0 192 512\" xmlns=\"http:\/\/www.w3.org\/2000\/svg\"><path d=\"M0 384.662V127.338c0-17.818 21.543-26.741 34.142-14.142l128.662 128.662c7.81 7.81 7.81 20.474 0 28.284L34.142 398.804C21.543 411.404 0 402.48 0 384.662z\"><\/path><\/svg><\/span>\n\t\t\t\t\t\t\t\t<span class=\"elementor-toggle-icon-opened\"><svg class=\"elementor-toggle-icon-opened e-font-icon-svg e-fas-caret-up\" viewBox=\"0 0 320 512\" xmlns=\"http:\/\/www.w3.org\/2000\/svg\"><path d=\"M288.662 352H31.338c-17.818 0-26.741-21.543-14.142-34.142l128.662-128.662c7.81-7.81 20.474-7.81 28.284 0l128.662 128.662c12.6 12.599 3.676 34.142-14.142 34.142z\"><\/path><\/svg><\/span>\n\t\t\t\t\t\t\t\t\t\t\t\t\t<\/span>\n\t\t\t\t\t\t\t\t\t\t\t\t<a class=\"elementor-toggle-title\" tabindex=\"0\">Puis-je acc\u00e9der au centre en \u00e9tant une personne \u00e0 mobilit\u00e9 r\u00e9duite (PMR) ?<\/a>\n\t\t\t\t\t<\/div>\n\n\t\t\t\t\t<div id=\"elementor-tab-content-2261\" class=\"elementor-tab-content elementor-clearfix\" data-tab=\"1\" role=\"region\" aria-labelledby=\"elementor-tab-title-2261\"><div class=\"entry-content\"><p><u>Accessibilit\u00e9 aux publics en situation de handicap<\/u><\/p><p>Le Centre de formation et de perfectionnement \u00e0 l\u2019\u00e9clairage accorde une importance particuli\u00e8re \u00e0 l\u2019accueil des personnes en situation de handicap.<\/p><p>N\u2019h\u00e9sitez pas \u00e0 nous signaler, d\u00e8s votre inscription, <strong>la nature de votre handicap\u00a0ainsi que vos besoins d\u2019adaptation<\/strong>, afin de vous accueillir dans des conditions optimales.<\/p><p>Pour toute question, contactez Val\u00e9rie JAUSON au 07.88.1.80.67 ou par mail <a href=\"mailto:vjauson@afe-eclairage.fr\">vjauson@afe-eclairage.fr<\/a><\/p><ul><li>Accueil individuel sur simple demande 48 h 00 \u00e0 l\u2019avance pour toute personne en situation de handicap<\/li><li>Possibilit\u00e9 de vous r\u00e9server une place de parking sur place<\/li><li>Restauration sur place (accompagnement individuel sur demande)<\/li><li>Ascenseurs,<\/li><li>Scalmobile disponible si besoin pour faciliter votre d\u00e9placement<\/li><li>Toilettes accessibles PMR au rez de chauss\u00e9e.<\/li><\/ul><p><em><u>Tout savoir sur la formation professionnelle\u00a0<\/u><\/em><\/p><p><em>Vous \u00eates en situation de handicap et souhaitez suivre une formation pour d\u00e9velopper vos comp\u00e9tences, acc\u00e9der \u00e0 un m\u00e9tier, vous reconvertir ou vous maintenir dans l\u2019emploi\u00a0? <\/em><\/p><p><em>Des dispositifs d\u2019informations existent pour r\u00e9pondre \u00e0 toutes vos questions :<\/em><\/p><ul><li><em>Pour b\u00e2tir votre projet de formation, vous informer sur les financements disponibles, am\u00e9nager votre parcours pour compenser votre handicap : le site du gouvernement,\u00a0<a href=\"https:\/\/www.monparcourshandicap.gouv.fr\/formation-professionnelle\">gouv.fr<\/a><\/em><\/li><li><em>Pour trouver l\u2019acteur le plus \u00e0 m\u00eame de r\u00e9pondre \u00e0 vos besoins :\u00a0<a href=\"https:\/\/www.agefiph.fr\/annuaire\">l\u2019annuaire de l\u2019agefiph<\/a><\/em><\/li><\/ul><\/div><\/div>\n\t\t\t\t<\/div>\n\t\t\t\t\t\t\t<div class=\"elementor-toggle-item\">\n\t\t\t\t\t<div id=\"elementor-tab-title-2262\" class=\"elementor-tab-title\" data-tab=\"2\" role=\"button\" aria-controls=\"elementor-tab-content-2262\" aria-expanded=\"false\">\n\t\t\t\t\t\t\t\t\t\t\t\t<span class=\"elementor-toggle-icon elementor-toggle-icon-left\" aria-hidden=\"true\">\n\t\t\t\t\t\t\t\t\t\t\t\t\t\t\t<span class=\"elementor-toggle-icon-closed\"><svg class=\"e-font-icon-svg e-fas-caret-right\" viewBox=\"0 0 192 512\" xmlns=\"http:\/\/www.w3.org\/2000\/svg\"><path d=\"M0 384.662V127.338c0-17.818 21.543-26.741 34.142-14.142l128.662 128.662c7.81 7.81 7.81 20.474 0 28.284L34.142 398.804C21.543 411.404 0 402.48 0 384.662z\"><\/path><\/svg><\/span>\n\t\t\t\t\t\t\t\t<span class=\"elementor-toggle-icon-opened\"><svg class=\"elementor-toggle-icon-opened e-font-icon-svg e-fas-caret-up\" viewBox=\"0 0 320 512\" xmlns=\"http:\/\/www.w3.org\/2000\/svg\"><path d=\"M288.662 352H31.338c-17.818 0-26.741-21.543-14.142-34.142l128.662-128.662c7.81-7.81 20.474-7.81 28.284 0l128.662 128.662c12.6 12.599 3.676 34.142-14.142 34.142z\"><\/path><\/svg><\/span>\n\t\t\t\t\t\t\t\t\t\t\t\t\t<\/span>\n\t\t\t\t\t\t\t\t\t\t\t\t<a class=\"elementor-toggle-title\" tabindex=\"0\">Quelle est l'adresse du centre ? Comment y acc\u00e9der ?<\/a>\n\t\t\t\t\t<\/div>\n\n\t\t\t\t\t<div id=\"elementor-tab-content-2262\" class=\"elementor-tab-content elementor-clearfix\" data-tab=\"2\" role=\"region\" aria-labelledby=\"elementor-tab-title-2262\"><p><strong>Acc\u00e8s au centre de formation :<\/strong><\/p><p><strong>e-afe, d\u00e9partement de l\u2019Association fran\u00e7aise de l\u2019\u00e9clairage.<\/strong><br \/><strong>Centre de formation et de perfectionnement en \u00e9clairage <\/strong><br \/><strong>17 rue de l\u2019Amiral Hamelin \u2013 75116 PARIS <\/strong><\/p><p><iframe src=\"https:\/\/www.google.com\/maps\/embed?pb=!1m18!1m12!1m3!1d2206.9410653764767!2d2.2912817089637785!3d48.8675531685148!2m3!1f0!2f0!3f0!3m2!1i1024!2i768!4f13.1!3m3!1m2!1s0x47e66fe579303329%3A0xfbec3031ad3f8c0b!2sCentre%20d'affaires%20Espace%20Hamelin%2C%20centre%20d'affaires%20%26%20services!5e0!3m2!1sfr!2sfr!4v1614165042016!5m2!1sfr!2sfr\" width=\"400\" height=\"300\" allowfullscreen=\"allowfullscreen\" data-mce-fragment=\"1\"><\/iframe><\/p><p>M\u00e9tro : ligne 9 \u2013 I\u00e9na ou ligne 6 \u2013 Boissi\u00e8re<br \/>RER : ligne A \u2013 Charles de Gaulle \u00c9toile<br \/>Bus : 22-30-32-63-82<br \/>Velib : 1, rue Galil\u00e9e \/ 4, rue Longchamp<br \/>Autolib : 16, place des Etats-Unis \/ 24, avenue I\u00e9na<\/p><p><strong>Parkings \u00e0 proximit\u00e9 :<\/strong><\/p><ul><li><strong>Sur place\u00a0: <\/strong>Parking du Centre d\u2019Affaires Espace HAMELIN \u2013 17 rue de l\u2019Amiral Hamelin \u2013 75116 PARIS\u00a0(Parking payant tarif pr\u00e9f\u00e9rentiel \u2013 ouvert de 7 h 30 \u00e0 20 h 30)<\/li><li><strong>Autre\u00a0<\/strong>: <a href=\"https:\/\/www.google.com\/maps\/dir\/65+Av.+Kl%C3%A9ber,+75116+Paris\/17+Rue+de+l'Amiral+Hamelin,+75116+Paris\/@48.8667921,2.2898664,18z\/data=!3m2!4b1!5s0x47e66fe538767eeb:0xe172fbed67a887a5!4m13!4m12!1m5!1m1!1s0x47e66fe548010f63:0xbe9d0539d1e32796!2m2!1d2.2898244!2d48.8660368!1m5!1m1!1s0x47e66fe578870019:0x4161f98f50a14f86!2m2!1d2.2919767!2d48.8668567?entry=ttu\">Parking Kl\u00e9ber Trocad\u00e9ro<\/a> \u2013 65 Av. Kl\u00e9ber, 75116 Paris<\/li><\/ul><p><strong>H\u00f4tels \u00e0 proximit\u00e9 :<\/strong><\/p><ul><li><ul><li><a href=\"https:\/\/elysees-paris-hotel.com\/\">H\u00f4tel Elys\u00e9es Union<\/a>, 44 Rue de l\u2019Amiral Hamelin, 75116 Paris \u2013 01 44 34 14 00<\/li><li><a href=\"http:\/\/www.louisahotel.fr\/\">Louisa H\u00f4tel<\/a>, 21 Rue Copernic, 75116 Paris \u2013 01 47 27 80 67<\/li><li><a href=\"https:\/\/victorhugohotel.com\/\">H\u00f4tel Victor Hugo<\/a>, 19 Rue Copernic, 75116 Paris \u2013 0<span data-global=\"1\">1 45 53 76 01<\/span><\/li><li><a href=\"https:\/\/hoteldesevigne.com\/?gad_source=1&amp;gclid=CjwKCAiAtt2tBhBDEiwALZuhAIuZ5vSmDoUdl6Rt7Mq1ei9lqjvj16ZmxSz2DV9t_pMlbXmqVLn9hBoC6AEQAvD_BwE\">H\u00f4tel de S\u00e9vign\u00e9<\/a> \u2013 6 rue de Belloy \u2013 75116 PARIS \u2013 01 47 20 88 90<\/li><li><a href=\"https:\/\/www.paris-hotel-kleber.com\/\">H\u00f4tel Kleber<\/a> \u2013 7 rue de Belloy \u2013 75116 PARIS \u2013 01 47 23 80 22<\/li><\/ul><\/li><\/ul><p>Et un peu plus loin\u2026mais pas trop :<\/p><ul><li><a href=\"https:\/\/lilasblanc-hotel.com\/?gad_source=1&amp;gclid=CjwKCAiAtt2tBhBDEiwALZuhALe4nNVtmdqgQsU0xxaU0qOE8xN6EqdRYfM-jwFyRmc7fXv3sYXbKBoCe9kQAvD_BwE\">H\u00f4tel Lilas Blanc<\/a> \u2013 5 Rue de l\u2019Avre, 75015 Paris \u2013 T\u00e9l. : 01 45 23 80 22<\/li><\/ul><\/div>\n\t\t\t\t<\/div>\n\t\t\t\t\t\t\t\t\t\t<script type=\"application\/ld+json\">{\"@context\":\"https:\\\/\\\/schema.org\",\"@type\":\"FAQPage\",\"mainEntity\":[{\"@type\":\"Question\",\"name\":\"Puis-je acc\\u00e9der au centre en \\u00e9tant une personne \\u00e0 mobilit\\u00e9 r\\u00e9duite (PMR) ?\",\"acceptedAnswer\":{\"@type\":\"Answer\",\"text\":\"<div class=\\\"entry-content\\\"><p><u>Accessibilit\\u00e9 aux publics en situation de handicap<\\\/u><\\\/p><p>Le Centre de formation et de perfectionnement \\u00e0 l\\u2019\\u00e9clairage accorde une importance particuli\\u00e8re \\u00e0 l\\u2019accueil des personnes en situation de handicap.<\\\/p><p>N\\u2019h\\u00e9sitez pas \\u00e0 nous signaler, d\\u00e8s votre inscription, <strong>la nature de votre handicap\\u00a0ainsi que vos besoins d\\u2019adaptation<\\\/strong>, afin de vous accueillir dans des conditions optimales.<\\\/p><p>Pour toute question, contactez Val\\u00e9rie JAUSON au 07.88.1.80.67 ou par mail <a href=\\\"mailto:vjauson@afe-eclairage.fr\\\">vjauson@afe-eclairage.fr<\\\/a><\\\/p><ul><li>Accueil individuel sur simple demande 48 h 00 \\u00e0 l\\u2019avance pour toute personne en situation de handicap<\\\/li><li>Possibilit\\u00e9 de vous r\\u00e9server une place de parking sur place<\\\/li><li>Restauration sur place (accompagnement individuel sur demande)<\\\/li><li>Ascenseurs,<\\\/li><li>Scalmobile disponible si besoin pour faciliter votre d\\u00e9placement<\\\/li><li>Toilettes accessibles PMR au rez de chauss\\u00e9e.<\\\/li><\\\/ul><p><em><u>Tout savoir sur la formation professionnelle\\u00a0<\\\/u><\\\/em><\\\/p><p><em>Vous \\u00eates en situation de handicap et souhaitez suivre une formation pour d\\u00e9velopper vos comp\\u00e9tences, acc\\u00e9der \\u00e0 un m\\u00e9tier, vous reconvertir ou vous maintenir dans l\\u2019emploi\\u00a0? <\\\/em><\\\/p><p><em>Des dispositifs d\\u2019informations existent pour r\\u00e9pondre \\u00e0 toutes vos questions :<\\\/em><\\\/p><ul><li><em>Pour b\\u00e2tir votre projet de formation, vous informer sur les financements disponibles, am\\u00e9nager votre parcours pour compenser votre handicap : le site du gouvernement,\\u00a0<a href=\\\"https:\\\/\\\/www.monparcourshandicap.gouv.fr\\\/formation-professionnelle\\\">gouv.fr<\\\/a><\\\/em><\\\/li><li><em>Pour trouver l\\u2019acteur le plus \\u00e0 m\\u00eame de r\\u00e9pondre \\u00e0 vos besoins :\\u00a0<a href=\\\"https:\\\/\\\/www.agefiph.fr\\\/annuaire\\\">l\\u2019annuaire de l\\u2019agefiph<\\\/a><\\\/em><\\\/li><\\\/ul><\\\/div>\"}},{\"@type\":\"Question\",\"name\":\"Quelle est l'adresse du centre ? Comment y acc\\u00e9der ?\",\"acceptedAnswer\":{\"@type\":\"Answer\",\"text\":\"<p><strong>Acc\\u00e8s au centre de formation :<\\\/strong><\\\/p><p><strong>e-afe, d\\u00e9partement de l\\u2019Association fran\\u00e7aise de l\\u2019\\u00e9clairage.<\\\/strong><br \\\/><strong>Centre de formation et de perfectionnement en \\u00e9clairage <\\\/strong><br \\\/><strong>17 rue de l\\u2019Amiral Hamelin \\u2013 75116 PARIS <\\\/strong><\\\/p><p><iframe src=\\\"https:\\\/\\\/www.google.com\\\/maps\\\/embed?pb=!1m18!1m12!1m3!1d2206.9410653764767!2d2.2912817089637785!3d48.8675531685148!2m3!1f0!2f0!3f0!3m2!1i1024!2i768!4f13.1!3m3!1m2!1s0x47e66fe579303329%3A0xfbec3031ad3f8c0b!2sCentre%20d'affaires%20Espace%20Hamelin%2C%20centre%20d'affaires%20%26%20services!5e0!3m2!1sfr!2sfr!4v1614165042016!5m2!1sfr!2sfr\\\" width=\\\"400\\\" height=\\\"300\\\" allowfullscreen=\\\"allowfullscreen\\\" data-mce-fragment=\\\"1\\\"><\\\/iframe><\\\/p><p>M\\u00e9tro : ligne 9 \\u2013 I\\u00e9na ou ligne 6 \\u2013 Boissi\\u00e8re<br \\\/>RER : ligne A \\u2013 Charles de Gaulle \\u00c9toile<br \\\/>Bus : 22-30-32-63-82<br \\\/>Velib : 1, rue Galil\\u00e9e \\\/ 4, rue Longchamp<br \\\/>Autolib : 16, place des Etats-Unis \\\/ 24, avenue I\\u00e9na<\\\/p><p><strong>Parkings \\u00e0 proximit\\u00e9 :<\\\/strong><\\\/p><ul><li><strong>Sur place\\u00a0: <\\\/strong>Parking du Centre d\\u2019Affaires Espace HAMELIN \\u2013 17 rue de l\\u2019Amiral Hamelin \\u2013 75116 PARIS\\u00a0(Parking payant tarif pr\\u00e9f\\u00e9rentiel \\u2013 ouvert de 7 h 30 \\u00e0 20 h 30)<\\\/li><li><strong>Autre\\u00a0<\\\/strong>: <a href=\\\"https:\\\/\\\/www.google.com\\\/maps\\\/dir\\\/65+Av.+Kl%C3%A9ber,+75116+Paris\\\/17+Rue+de+l'Amiral+Hamelin,+75116+Paris\\\/@48.8667921,2.2898664,18z\\\/data=!3m2!4b1!5s0x47e66fe538767eeb:0xe172fbed67a887a5!4m13!4m12!1m5!1m1!1s0x47e66fe548010f63:0xbe9d0539d1e32796!2m2!1d2.2898244!2d48.8660368!1m5!1m1!1s0x47e66fe578870019:0x4161f98f50a14f86!2m2!1d2.2919767!2d48.8668567?entry=ttu\\\">Parking Kl\\u00e9ber Trocad\\u00e9ro<\\\/a> \\u2013 65 Av. Kl\\u00e9ber, 75116 Paris<\\\/li><\\\/ul><p><strong>H\\u00f4tels \\u00e0 proximit\\u00e9 :<\\\/strong><\\\/p><ul><li><ul><li><a href=\\\"https:\\\/\\\/elysees-paris-hotel.com\\\/\\\">H\\u00f4tel Elys\\u00e9es Union<\\\/a>, 44 Rue de l\\u2019Amiral Hamelin, 75116 Paris \\u2013 01 44 34 14 00<\\\/li><li><a href=\\\"http:\\\/\\\/www.louisahotel.fr\\\/\\\">Louisa H\\u00f4tel<\\\/a>, 21 Rue Copernic, 75116 Paris \\u2013 01 47 27 80 67<\\\/li><li><a href=\\\"https:\\\/\\\/victorhugohotel.com\\\/\\\">H\\u00f4tel Victor Hugo<\\\/a>, 19 Rue Copernic, 75116 Paris \\u2013 0<span data-global=\\\"1\\\">1 45 53 76 01<\\\/span><\\\/li><li><a href=\\\"https:\\\/\\\/hoteldesevigne.com\\\/?gad_source=1&amp;gclid=CjwKCAiAtt2tBhBDEiwALZuhAIuZ5vSmDoUdl6Rt7Mq1ei9lqjvj16ZmxSz2DV9t_pMlbXmqVLn9hBoC6AEQAvD_BwE\\\">H\\u00f4tel de S\\u00e9vign\\u00e9<\\\/a> \\u2013 6 rue de Belloy \\u2013 75116 PARIS \\u2013 01 47 20 88 90<\\\/li><li><a href=\\\"https:\\\/\\\/www.paris-hotel-kleber.com\\\/\\\">H\\u00f4tel Kleber<\\\/a> \\u2013 7 rue de Belloy \\u2013 75116 PARIS \\u2013 01 47 23 80 22<\\\/li><\\\/ul><\\\/li><\\\/ul><p>Et un peu plus loin\\u2026mais pas trop :<\\\/p><ul><li><a href=\\\"https:\\\/\\\/lilasblanc-hotel.com\\\/?gad_source=1&amp;gclid=CjwKCAiAtt2tBhBDEiwALZuhALe4nNVtmdqgQsU0xxaU0qOE8xN6EqdRYfM-jwFyRmc7fXv3sYXbKBoCe9kQAvD_BwE\\\">H\\u00f4tel Lilas Blanc<\\\/a> \\u2013 5 Rue de l\\u2019Avre, 75015 Paris \\u2013 T\\u00e9l. : 01 45 23 80 22<\\\/li><\\\/ul>\"}}]}<\/script>\n\t\t\t\t\t<\/div>\n\t\t\t\t\t\t<\/div>\n\t\t\t\t<\/div>\n\t\t\t\t\t<\/div>\n\t\t\t\t<\/div>\n\t\t\t\t<\/div>\n\t\t","protected":false},"excerpt":{"rendered":"<p>Puis-je acc\u00e9der au centre en \u00e9tant une personne \u00e0 mobilit\u00e9 r\u00e9duite (PMR) ? Accessibilit\u00e9 aux publics en situation de handicap Le Centre de formation et de perfectionnement \u00e0 l\u2019\u00e9clairage accorde [&hellip;]<\/p>\n","protected":false},"author":1,"featured_media":0,"parent":0,"menu_order":0,"comment_status":"closed","ping_status":"closed","template":"","meta":{"_acf_changed":false,"footnotes":""},"categories":[],"tags":[],"class_list":["post-73","page","type-page","status-publish","hentry"],"acf":[],"_links":{"self":[{"href":"https:\/\/lux-editions.fr\/wwww2\/wp-json\/wp\/v2\/pages\/73","targetHints":{"allow":["GET"]}}],"collection":[{"href":"https:\/\/lux-editions.fr\/wwww2\/wp-json\/wp\/v2\/pages"}],"about":[{"href":"https:\/\/lux-editions.fr\/wwww2\/wp-json\/wp\/v2\/types\/page"}],"author":[{"embeddable":true,"href":"https:\/\/lux-editions.fr\/wwww2\/wp-json\/wp\/v2\/users\/1"}],"replies":[{"embeddable":true,"href":"https:\/\/lux-editions.fr\/wwww2\/wp-json\/wp\/v2\/comments?post=73"}],"version-history":[{"count":13,"href":"https:\/\/lux-editions.fr\/wwww2\/wp-json\/wp\/v2\/pages\/73\/revisions"}],"predecessor-version":[{"id":178,"href":"https:\/\/lux-editions.fr\/wwww2\/wp-json\/wp\/v2\/pages\/73\/revisions\/178"}],"wp:attachment":[{"href":"https:\/\/lux-editions.fr\/wwww2\/wp-json\/wp\/v2\/media?parent=73"}],"wp:term":[{"taxonomy":"category","embeddable":true,"href":"https:\/\/lux-editions.fr\/wwww2\/wp-json\/wp\/v2\/categories?post=73"},{"taxonomy":"post_tag","embeddable":true,"href":"https:\/\/lux-editions.fr\/wwww2\/wp-json\/wp\/v2\/tags?post=73"}],"curies":[{"name":"wp","href":"https:\/\/api.w.org\/{rel}","templated":true}]}}