{"id":68,"date":"2024-10-06T22:02:34","date_gmt":"2024-10-06T20:02:34","guid":{"rendered":"https:\/\/lux-editions.fr\/wwww2\/?page_id=68"},"modified":"2024-10-09T13:48:23","modified_gmt":"2024-10-09T11:48:23","slug":"qualification-qualiopi","status":"publish","type":"page","link":"https:\/\/lux-editions.fr\/wwww2\/qualification-qualiopi\/","title":{"rendered":"Qualification Qualiopi"},"content":{"rendered":"\t\t<div data-elementor-type=\"wp-page\" data-elementor-id=\"68\" class=\"elementor elementor-68\" data-elementor-post-type=\"page\">\n\t\t\t\t<div class=\"elementor-element elementor-element-958cbb8 e-flex e-con-boxed e-con e-parent\" data-id=\"958cbb8\" data-element_type=\"container\">\n\t\t\t\t\t<div class=\"e-con-inner\">\n\t\t\t\t<div class=\"elementor-element elementor-element-699a5cc elementor-widget elementor-widget-heading\" data-id=\"699a5cc\" data-element_type=\"widget\" data-widget_type=\"heading.default\">\n\t\t\t\t<div class=\"elementor-widget-container\">\n\t\t\t\t\t<h2 class=\"elementor-heading-title elementor-size-default\"><div><div><div><div><main role=\"main\"><article><header>Votre centre de formation en \u00e9clairage est certifi\u00e9 Qualiopi<\/header><\/article><\/main><\/div><\/div><\/div><\/div><\/h2>\t\t\t\t<\/div>\n\t\t\t\t<\/div>\n\t\t\t\t<div class=\"elementor-element elementor-element-af169b0 elementor-widget elementor-widget-text-editor\" data-id=\"af169b0\" data-element_type=\"widget\" data-widget_type=\"text-editor.default\">\n\t\t\t\t<div class=\"elementor-widget-container\">\n\t\t\t\t\t\t\t\t\t<p>Reconnues par les professionnels publics et priv\u00e9s et dipl\u00f4mantes, les formations du CFPE sont dispens\u00e9es par des professionnels issus de tous les m\u00e9tiers de l\u2019\u00e9clairage.<\/p><p>Nous formons \u00e0 tous les m\u00e9tiers de l\u2019\u00e9clairage : institutionnels (Mairies et services techniques\u2026), fabricants, installateurs, concepteurs lumi\u00e8res, bureaux d\u2019\u00e9tudes, centres de recherches\u2026<\/p><p>Le CFPE a obtenu la certification QUALIOPI.<\/p><p><em> Qualiopi, est la seule certification qui permet, depuis le 1er Janvier 2021, aux organismes qui dispensent des actions de formations, de bilan de comp\u00e9tences, d\u2019obtenir des fonds de financements publics et\/ou mutualis\u00e9s.<\/em><\/p><p><a href=\"https:\/\/www.e-afe.fr\/wp-content\/uploads\/2024\/05\/CERTIFICAT-QUALIOPI-AU-4-MAI-2024.pdf\"><img decoding=\"async\" class=\"alignnone wp-image-4537\" src=\"https:\/\/www.e-afe.fr\/wp-content\/uploads\/2021\/05\/LogoQualiopi-Marianne-150dpi-31-300x161.jpg\" alt=\"\" width=\"192\" height=\"103\" \/><\/a><\/p><p>La certification qualit\u00e9 a \u00e9t\u00e9 d\u00e9livr\u00e9e au titre de la cat\u00e9gorie d\u2019action suivante : actions de formation. <a href=\"https:\/\/lux-editions.fr\/wwww2\/wp-content\/uploads\/2024\/10\/CERTIFICAT-QUALIOPI-AU-4-MAI-2024.pdf\">Il est consultable ici<\/a>.<\/p><p>\u00a0<\/p>\t\t\t\t\t\t\t\t<\/div>\n\t\t\t\t<\/div>\n\t\t\t\t\t<\/div>\n\t\t\t\t<\/div>\n\t\t\t\t<\/div>\n\t\t","protected":false},"excerpt":{"rendered":"<p>Votre centre de formation en \u00e9clairage est certifi\u00e9 Qualiopi Reconnues par les professionnels publics et priv\u00e9s et dipl\u00f4mantes, les formations du CFPE sont dispens\u00e9es par des professionnels issus de tous [&hellip;]<\/p>\n","protected":false},"author":1,"featured_media":0,"parent":0,"menu_order":0,"comment_status":"closed","ping_status":"closed","template":"","meta":{"_acf_changed":false,"footnotes":""},"categories":[],"tags":[],"class_list":["post-68","page","type-page","status-publish","hentry"],"acf":[],"_links":{"self":[{"href":"https:\/\/lux-editions.fr\/wwww2\/wp-json\/wp\/v2\/pages\/68","targetHints":{"allow":["GET"]}}],"collection":[{"href":"https:\/\/lux-editions.fr\/wwww2\/wp-json\/wp\/v2\/pages"}],"about":[{"href":"https:\/\/lux-editions.fr\/wwww2\/wp-json\/wp\/v2\/types\/page"}],"author":[{"embeddable":true,"href":"https:\/\/lux-editions.fr\/wwww2\/wp-json\/wp\/v2\/users\/1"}],"replies":[{"embeddable":true,"href":"https:\/\/lux-editions.fr\/wwww2\/wp-json\/wp\/v2\/comments?post=68"}],"version-history":[{"count":7,"href":"https:\/\/lux-editions.fr\/wwww2\/wp-json\/wp\/v2\/pages\/68\/revisions"}],"predecessor-version":[{"id":174,"href":"https:\/\/lux-editions.fr\/wwww2\/wp-json\/wp\/v2\/pages\/68\/revisions\/174"}],"wp:attachment":[{"href":"https:\/\/lux-editions.fr\/wwww2\/wp-json\/wp\/v2\/media?parent=68"}],"wp:term":[{"taxonomy":"category","embeddable":true,"href":"https:\/\/lux-editions.fr\/wwww2\/wp-json\/wp\/v2\/categories?post=68"},{"taxonomy":"post_tag","embeddable":true,"href":"https:\/\/lux-editions.fr\/wwww2\/wp-json\/wp\/v2\/tags?post=68"}],"curies":[{"name":"wp","href":"https:\/\/api.w.org\/{rel}","templated":true}]}}