{"id":30,"date":"2024-10-06T21:32:41","date_gmt":"2024-10-06T19:32:41","guid":{"rendered":"https:\/\/lux-editions.fr\/wwww2\/?page_id=30"},"modified":"2024-10-06T21:34:08","modified_gmt":"2024-10-06T19:34:08","slug":"le-cfpe-ses-engagements-et-son-ethique","status":"publish","type":"page","link":"https:\/\/lux-editions.fr\/wwww2\/","title":{"rendered":"Le CFPE, ses engagements et son ethique"},"content":{"rendered":"\t\t<div data-elementor-type=\"wp-page\" data-elementor-id=\"30\" class=\"elementor elementor-30\" data-elementor-post-type=\"page\">\n\t\t\t\t<div class=\"elementor-element elementor-element-4395bae e-flex e-con-boxed e-con e-parent\" data-id=\"4395bae\" data-element_type=\"container\">\n\t\t\t\t\t<div class=\"e-con-inner\">\n\t\t\t\t\t<\/div>\n\t\t\t\t<\/div>\n\t\t<div class=\"elementor-element elementor-element-6cb618b e-flex e-con-boxed e-con e-parent\" data-id=\"6cb618b\" data-element_type=\"container\">\n\t\t\t\t\t<div class=\"e-con-inner\">\n\t\t\t\t<div class=\"elementor-element elementor-element-202754e elementor-widget elementor-widget-text-editor\" data-id=\"202754e\" data-element_type=\"widget\" data-widget_type=\"text-editor.default\">\n\t\t\t\t<div class=\"elementor-widget-container\">\n\t\t\t\t\t\t\t\t\t<p>Depuis plus de 50 ans, le Centre de Formation et de Perfectionnement en Eclairage propose des formations professionnelles et dipl\u00f4mantes suivant des r\u00e8gles strictes de neutralit\u00e9 et d\u2019ind\u00e9pendance. Le CFPE est un centre de formation agr\u00e9\u00e9 et reconnu aupr\u00e8s des services de la formation professionnelle. Ses formations sont utilis\u00e9es comme r\u00e9f\u00e9rence dans les offres d\u2019emploi en \u00e9clairage int\u00e9rieur et ext\u00e9rieur.<\/p>\t\t\t\t\t\t\t\t<\/div>\n\t\t\t\t<\/div>\n\t\t\t\t\t<\/div>\n\t\t\t\t<\/div>\n\t\t<div class=\"elementor-element elementor-element-9ae6171 e-flex e-con-boxed e-con e-parent\" data-id=\"9ae6171\" data-element_type=\"container\">\n\t\t\t\t\t<div class=\"e-con-inner\">\n\t\t\t\t<div class=\"elementor-element elementor-element-ab7d039 elementor-widget elementor-widget-heading\" data-id=\"ab7d039\" data-element_type=\"widget\" data-widget_type=\"heading.default\">\n\t\t\t\t<div class=\"elementor-widget-container\">\n\t\t\t\t\t<h2 class=\"elementor-heading-title elementor-size-default\">Un centre de formation reconnu et qualifiant<\/h2>\t\t\t\t<\/div>\n\t\t\t\t<\/div>\n\t\t\t\t\t<\/div>\n\t\t\t\t<\/div>\n\t\t<div class=\"elementor-element elementor-element-c732c5a e-flex e-con-boxed e-con e-parent\" data-id=\"c732c5a\" data-element_type=\"container\">\n\t\t\t\t\t<div class=\"e-con-inner\">\n\t\t\t\t<div class=\"elementor-element elementor-element-3dd63e4 elementor-widget elementor-widget-text-editor\" data-id=\"3dd63e4\" data-element_type=\"widget\" data-widget_type=\"text-editor.default\">\n\t\t\t\t<div class=\"elementor-widget-container\">\n\t\t\t\t\t\t\t\t\t<p>Reconnues par les professionnels publics et priv\u00e9s et dipl\u00f4mantes, les formations du CFPE sont dispens\u00e9es par des professionnels issus de tous les m\u00e9tiers de l\u2019\u00e9clairage.<\/p><p>Nous formons \u00e0 tous les m\u00e9tiers de l\u2019\u00e9clairage : institutionnels (Mairies et services techniques\u2026), fabricants, installateurs, concepteurs lumi\u00e8res, bureaux d\u2019\u00e9tudes, centres de recherches\u2026<\/p><p>Le CFPE a obtenu la certification QUALIOPI.<\/p><p>Qualiopi, est la seule certification qui permet, depuis le 1er Janvier 2021, aux organismes qui dispensent des actions de formations, de bilan de comp\u00e9tences, d\u2019obtenir des fonds de financements publics et\/ou mutualis\u00e9s.<\/p>\t\t\t\t\t\t\t\t<\/div>\n\t\t\t\t<\/div>\n\t\t\t\t\t<\/div>\n\t\t\t\t<\/div>\n\t\t\t\t<\/div>\n\t\t","protected":false},"excerpt":{"rendered":"<p>Depuis plus de 50 ans, le Centre de Formation et de Perfectionnement en Eclairage propose des formations professionnelles et dipl\u00f4mantes suivant des r\u00e8gles strictes de neutralit\u00e9 et d\u2019ind\u00e9pendance. Le CFPE [&hellip;]<\/p>\n","protected":false},"author":1,"featured_media":0,"parent":0,"menu_order":0,"comment_status":"closed","ping_status":"closed","template":"","meta":{"_acf_changed":false,"footnotes":""},"categories":[],"tags":[],"class_list":["post-30","page","type-page","status-publish","hentry"],"acf":[],"_links":{"self":[{"href":"https:\/\/lux-editions.fr\/wwww2\/wp-json\/wp\/v2\/pages\/30","targetHints":{"allow":["GET"]}}],"collection":[{"href":"https:\/\/lux-editions.fr\/wwww2\/wp-json\/wp\/v2\/pages"}],"about":[{"href":"https:\/\/lux-editions.fr\/wwww2\/wp-json\/wp\/v2\/types\/page"}],"author":[{"embeddable":true,"href":"https:\/\/lux-editions.fr\/wwww2\/wp-json\/wp\/v2\/users\/1"}],"replies":[{"embeddable":true,"href":"https:\/\/lux-editions.fr\/wwww2\/wp-json\/wp\/v2\/comments?post=30"}],"version-history":[{"count":4,"href":"https:\/\/lux-editions.fr\/wwww2\/wp-json\/wp\/v2\/pages\/30\/revisions"}],"predecessor-version":[{"id":34,"href":"https:\/\/lux-editions.fr\/wwww2\/wp-json\/wp\/v2\/pages\/30\/revisions\/34"}],"wp:attachment":[{"href":"https:\/\/lux-editions.fr\/wwww2\/wp-json\/wp\/v2\/media?parent=30"}],"wp:term":[{"taxonomy":"category","embeddable":true,"href":"https:\/\/lux-editions.fr\/wwww2\/wp-json\/wp\/v2\/categories?post=30"},{"taxonomy":"post_tag","embeddable":true,"href":"https:\/\/lux-editions.fr\/wwww2\/wp-json\/wp\/v2\/tags?post=30"}],"curies":[{"name":"wp","href":"https:\/\/api.w.org\/{rel}","templated":true}]}}