{"id":221,"date":"2024-12-04T15:02:36","date_gmt":"2024-12-04T14:02:36","guid":{"rendered":"https:\/\/lux-editions.fr\/wwww2\/?page_id=221"},"modified":"2024-12-04T15:02:37","modified_gmt":"2024-12-04T14:02:37","slug":"base-en-eclairage-exterieur","status":"publish","type":"page","link":"https:\/\/lux-editions.fr\/wwww2\/base-en-eclairage-exterieur\/","title":{"rendered":"Base en \u00e9clairage ext\u00e9rieur"},"content":{"rendered":"\t\t<div data-elementor-type=\"wp-page\" data-elementor-id=\"221\" class=\"elementor elementor-221\" data-elementor-post-type=\"page\">\n\t\t\t\t<div class=\"elementor-element elementor-element-b384dc8 e-flex e-con-boxed e-con e-parent\" data-id=\"b384dc8\" data-element_type=\"container\">\n\t\t\t\t\t<div class=\"e-con-inner\">\n\t\t\t\t<div class=\"elementor-element elementor-element-394f8a86 elementor-widget elementor-widget-spacer\" data-id=\"394f8a86\" data-element_type=\"widget\" data-widget_type=\"spacer.default\">\n\t\t\t\t<div class=\"elementor-widget-container\">\n\t\t\t\t\t\t\t<div class=\"elementor-spacer\">\n\t\t\t<div class=\"elementor-spacer-inner\"><\/div>\n\t\t<\/div>\n\t\t\t\t\t\t<\/div>\n\t\t\t\t<\/div>\n\t\t\t\t<div class=\"elementor-element elementor-element-bf65b78 elementor-widget elementor-widget-heading\" data-id=\"bf65b78\" data-element_type=\"widget\" data-widget_type=\"heading.default\">\n\t\t\t\t<div class=\"elementor-widget-container\">\n\t\t\t\t\t<h1 class=\"elementor-heading-title elementor-size-default\">Initiation \u00e0 l\u2019\u00e9clairage ext\u00e9rieur<\/h1>\t\t\t\t<\/div>\n\t\t\t\t<\/div>\n\t\t\t\t<div class=\"elementor-element elementor-element-216570e6 elementor-widget elementor-widget-spacer\" data-id=\"216570e6\" data-element_type=\"widget\" data-widget_type=\"spacer.default\">\n\t\t\t\t<div class=\"elementor-widget-container\">\n\t\t\t\t\t\t\t<div class=\"elementor-spacer\">\n\t\t\t<div class=\"elementor-spacer-inner\"><\/div>\n\t\t<\/div>\n\t\t\t\t\t\t<\/div>\n\t\t\t\t<\/div>\n\t\t\t\t<div class=\"elementor-element elementor-element-4e51774d elementor-align-center elementor-widget elementor-widget-button\" data-id=\"4e51774d\" data-element_type=\"widget\" data-widget_type=\"button.default\">\n\t\t\t\t<div class=\"elementor-widget-container\">\n\t\t\t\t\t\t\t\t\t<div class=\"elementor-button-wrapper\">\n\t\t\t\t\t<a class=\"elementor-button elementor-button-link elementor-size-sm\" href=\"#\">\n\t\t\t\t\t\t<span class=\"elementor-button-content-wrapper\">\n\t\t\t\t\t\t\t\t\t<span class=\"elementor-button-text\">Inscrivez-vous d\u00e8s maintenant !<\/span>\n\t\t\t\t\t<\/span>\n\t\t\t\t\t<\/a>\n\t\t\t\t<\/div>\n\t\t\t\t\t\t\t\t<\/div>\n\t\t\t\t<\/div>\n\t\t\t\t<div class=\"elementor-element elementor-element-fe8ce87 elementor-widget elementor-widget-spacer\" data-id=\"fe8ce87\" data-element_type=\"widget\" data-widget_type=\"spacer.default\">\n\t\t\t\t<div class=\"elementor-widget-container\">\n\t\t\t\t\t\t\t<div class=\"elementor-spacer\">\n\t\t\t<div class=\"elementor-spacer-inner\"><\/div>\n\t\t<\/div>\n\t\t\t\t\t\t<\/div>\n\t\t\t\t<\/div>\n\t\t\t\t<div class=\"elementor-element elementor-element-1de18743 elementor-widget elementor-widget-text-editor\" data-id=\"1de18743\" data-element_type=\"widget\" data-widget_type=\"text-editor.default\">\n\t\t\t\t<div class=\"elementor-widget-container\">\n\t\t\t\t\t\t\t\t\t<p> \u2022 Sait lire une fiche technique d\u2019une source ou d\u2019un luminaire<br \/>\n dans son int\u00e9gralit\u00e9<br \/>\n \u2022 Sait lire une \u00e9tude d\u2019\u00e9clairage reconnait les param\u00e8tres<br \/>\n \u2022 Connait les unit\u00e9s et donc sait lire une norme<\/p>\n\t\t\t\t\t\t\t\t<\/div>\n\t\t\t\t<\/div>\n\t\t\t\t\t<\/div>\n\t\t\t\t<\/div>\n\t\t<div class=\"elementor-element elementor-element-14072e2f e-flex e-con-boxed e-con e-parent\" data-id=\"14072e2f\" data-element_type=\"container\">\n\t\t\t\t\t<div class=\"e-con-inner\">\n\t\t<div class=\"elementor-element elementor-element-32a7d28c e-grid e-con-full e-con e-child\" data-id=\"32a7d28c\" data-element_type=\"container\">\n\t\t<div class=\"elementor-element elementor-element-6499a0b5 e-con-full e-flex e-con e-child\" data-id=\"6499a0b5\" data-element_type=\"container\">\n\t\t\t\t<div class=\"elementor-element elementor-element-4a2547e4 elementor-view-default elementor-widget elementor-widget-icon\" data-id=\"4a2547e4\" data-element_type=\"widget\" data-widget_type=\"icon.default\">\n\t\t\t\t<div class=\"elementor-widget-container\">\n\t\t\t\t\t\t\t<div class=\"elementor-icon-wrapper\">\n\t\t\t<div class=\"elementor-icon\">\n\t\t\t<svg xmlns=\"http:\/\/www.w3.org\/2000\/svg\" width=\"800px\" height=\"800px\" viewBox=\"0 0 24 24\" fill=\"none\"><path d=\"M19 1C19 0.447715 19.4477 0 20 0C20.5523 0 21 0.447715 21 1V1.58582L22.2709 0.314894C22.6614 -0.0756305 23.2946 -0.0756294 23.6851 0.314895C24.0757 0.705419 24.0757 1.33858 23.6851 1.72911L22.4142 3H23C23.5523 3 24 3.44772 24 4C24 4.55228 23.5523 5 23 5H20.4142L12.7017 12.7125C12.3112 13.103 11.678 13.103 11.2875 12.7125C10.897 12.322 10.897 11.6888 11.2875 11.2983L19 3.58582V1Z\" fill=\"#0F0F0F\"><\/path><path d=\"M17.3924 3.78908C17.834 3.3475 17.7677 2.61075 17.2182 2.31408C15.6655 1.47581 13.8883 1 12 1C5.92487 1 1 5.92487 1 12C1 18.0751 5.92487 23 12 23C18.0751 23 23 18.0751 23 12C23 10.1154 22.5261 8.34153 21.6909 6.79102C21.3946 6.24091 20.6574 6.17424 20.2155 6.61606L20.1856 6.64598C19.8554 6.97615 19.8032 7.48834 20.016 7.90397C20.6451 9.1326 21 10.5249 21 12C21 16.9706 16.9706 21 12 21C7.02944 21 3 16.9706 3 12C3 7.02944 7.02944 3 12 3C13.4782 3 14.8732 3.35638 16.1037 3.98791C16.5195 4.20129 17.0322 4.14929 17.3627 3.81884L17.3924 3.78908Z\" fill=\"#0F0F0F\"><\/path><path d=\"M14.3899 6.79159C14.8625 6.31902 14.7436 5.52327 14.1062 5.32241C13.4415 5.11295 12.7339 5 12 5C8.13401 5 5 8.13401 5 12C5 15.866 8.13401 19 12 19C15.866 19 19 15.866 19 12C19 11.2702 18.8883 10.5664 18.6811 9.9049C18.4811 9.26659 17.6846 9.14697 17.2117 9.61995L17.1194 9.71224C16.8382 9.99337 16.7595 10.4124 16.8547 10.7984C16.9496 11.1833 17 11.5858 17 12C17 14.7614 14.7614 17 12 17C9.23858 17 7 14.7614 7 12C7 9.23858 9.23858 7 12 7C12.4172 7 12.8225 7.0511 13.21 7.1474C13.5965 7.24347 14.0166 7.16496 14.2982 6.88331L14.3899 6.79159Z\" fill=\"#0F0F0F\"><\/path><path d=\"M11.078 9.15136C11.4874 9.01484 11.6934 9.48809 11.3882 9.79329L10.5827 10.5989C9.80254 11.379 9.80254 12.6438 10.5827 13.4239C11.3628 14.204 12.6276 14.204 13.4077 13.4239L14.2031 12.6285C14.5089 12.3227 14.9822 12.5301 14.8429 12.9397C14.441 14.1209 13.3135 15 12 15C10.3431 15 9 13.6569 9 12C9 10.6796 9.88827 9.54802 11.078 9.15136Z\" fill=\"#0F0F0F\"><\/path><\/svg>\t\t\t<\/div>\n\t\t<\/div>\n\t\t\t\t\t\t<\/div>\n\t\t\t\t<\/div>\n\t\t\t\t<div class=\"elementor-element elementor-element-2cdbefc9 elementor-widget elementor-widget-text-editor\" data-id=\"2cdbefc9\" data-element_type=\"widget\" data-widget_type=\"text-editor.default\">\n\t\t\t\t<div class=\"elementor-widget-container\">\n\t\t\t\t\t\t\t\t\t<p>\u00c0 l\u2019issue de la formation, les participants ma\u00eetrisent les diff\u00e9rentes<br \/>\n grandeurs et unit\u00e9s photom\u00e9triques et sont capables :<br \/>\n \u2022 de r\u00e9aliser des projets simples en \u00e9clairage ext\u00e9rieur,<br \/>\n \u2022 de conseiller des syst\u00e8mes d\u2019\u00e9clairage techniquement et<br \/>\n \u00e9conomiquement adapt\u00e9s tout en s\u2019appuyant sur les recom-<br \/>\n mandations, normes et textes r\u00e8glementaires,<br \/>\n \u2022 d\u2019utiliser le logiciel DIALux evo. <\/p>\n\t\t\t\t\t\t\t\t<\/div>\n\t\t\t\t<\/div>\n\t\t\t\t<\/div>\n\t\t<div class=\"elementor-element elementor-element-48311898 e-con-full e-flex e-con e-child\" data-id=\"48311898\" data-element_type=\"container\">\n\t\t\t\t<div class=\"elementor-element elementor-element-36d3264 elementor-view-default elementor-widget elementor-widget-icon\" data-id=\"36d3264\" data-element_type=\"widget\" data-widget_type=\"icon.default\">\n\t\t\t\t<div class=\"elementor-widget-container\">\n\t\t\t\t\t\t\t<div class=\"elementor-icon-wrapper\">\n\t\t\t<div class=\"elementor-icon\">\n\t\t\t<svg xmlns=\"http:\/\/www.w3.org\/2000\/svg\" fill=\"#000000\" width=\"800px\" height=\"800px\" viewBox=\"0 0 32 32\"><path d=\"M23.313 26.102l-6.296-3.488c2.34-1.841 2.976-5.459 2.976-7.488v-4.223c0-2.796-3.715-5.91-7.447-5.91-3.73 0-7.544 3.114-7.544 5.91v4.223c0 1.845 0.78 5.576 3.144 7.472l-6.458 3.503s-1.688 0.752-1.688 1.689v2.534c0 0.933 0.757 1.689 1.688 1.689h21.625c0.931 0 1.688-0.757 1.688-1.689v-2.534c0-0.994-1.689-1.689-1.689-1.689zM23.001 30.015h-21.001v-1.788c0.143-0.105 0.344-0.226 0.502-0.298 0.047-0.021 0.094-0.044 0.139-0.070l6.459-3.503c0.589-0.32 0.979-0.912 1.039-1.579s-0.219-1.32-0.741-1.739c-1.677-1.345-2.396-4.322-2.396-5.911v-4.223c0-1.437 2.708-3.91 5.544-3.91 2.889 0 5.447 2.44 5.447 3.91v4.223c0 1.566-0.486 4.557-2.212 5.915-0.528 0.416-0.813 1.070-0.757 1.739s0.446 1.267 1.035 1.589l6.296 3.488c0.055 0.030 0.126 0.063 0.184 0.089 0.148 0.063 0.329 0.167 0.462 0.259v1.809zM30.312 21.123l-6.39-3.488c2.34-1.841 3.070-5.459 3.070-7.488v-4.223c0-2.796-3.808-5.941-7.54-5.941-2.425 0-4.904 1.319-6.347 3.007 0.823 0.051 1.73 0.052 2.514 0.302 1.054-0.821 2.386-1.308 3.833-1.308 2.889 0 5.54 2.47 5.54 3.941v4.223c0 1.566-0.58 4.557-2.305 5.915-0.529 0.416-0.813 1.070-0.757 1.739 0.056 0.67 0.445 1.267 1.035 1.589l6.39 3.488c0.055 0.030 0.126 0.063 0.184 0.089 0.148 0.063 0.329 0.167 0.462 0.259v1.779h-4.037c0.61 0.46 0.794 1.118 1.031 2h3.319c0.931 0 1.688-0.757 1.688-1.689v-2.503c-0.001-0.995-1.689-1.691-1.689-1.691z\"><\/path><\/svg>\t\t\t<\/div>\n\t\t<\/div>\n\t\t\t\t\t\t<\/div>\n\t\t\t\t<\/div>\n\t\t\t\t<div class=\"elementor-element elementor-element-63a9f06d elementor-widget elementor-widget-text-editor\" data-id=\"63a9f06d\" data-element_type=\"widget\" data-widget_type=\"text-editor.default\">\n\t\t\t\t<div class=\"elementor-widget-container\">\n\t\t\t\t\t\t\t\t\t Cette formation s\u2019adresse \u00e0 toute personne qui souhaite une   initiation \u00e0 l\u2019\u00e9clairage afin de lui permettre de mieux appr\u00e9hender les   enjeux techniques, \u00e9conomiques et environnementaux de ce domaine.\t\t\t\t\t\t\t\t<\/div>\n\t\t\t\t<\/div>\n\t\t\t\t<\/div>\n\t\t<div class=\"elementor-element elementor-element-3f5c427f e-con-full e-flex e-con e-child\" data-id=\"3f5c427f\" data-element_type=\"container\">\n\t\t\t\t<div class=\"elementor-element elementor-element-4934f3a5 elementor-view-default elementor-widget elementor-widget-icon\" data-id=\"4934f3a5\" data-element_type=\"widget\" data-widget_type=\"icon.default\">\n\t\t\t\t<div class=\"elementor-widget-container\">\n\t\t\t\t\t\t\t<div class=\"elementor-icon-wrapper\">\n\t\t\t<div class=\"elementor-icon\">\n\t\t\t<svg xmlns=\"http:\/\/www.w3.org\/2000\/svg\" width=\"800px\" height=\"800px\" viewBox=\"0 0 16 16\"><path d=\"M1 3C0.447715 3 0 3.44772 0 4C0 4.55228 0.447716 5 1 5H9C9.55228 5 10 4.55228 10 4C10 3.44772 9.55228 3 9 3H1Z\" fill=\"#000000\"><\/path><path d=\"M1 7C0.447715 7 0 7.44772 0 8C0 8.55228 0.447715 9 1 9H7C7.55228 9 8 8.55228 8 8C8 7.44772 7.55228 7 7 7H1Z\" fill=\"#000000\"><\/path><path d=\"M0 12C0 11.4477 0.447715 11 1 11H9C9.55228 11 10 11.4477 10 12C10 12.5523 9.55228 13 9 13H1C0.447716 13 0 12.5523 0 12Z\" fill=\"#000000\"><\/path><path d=\"M15.707 7.20711C16.0975 6.81658 16.0975 6.18342 15.707 5.79289C15.3165 5.40237 14.6833 5.40237 14.2928 5.79289L11.9999 8.08579L11.2115 7.29741C10.821 6.90689 10.1878 6.90689 9.79729 7.29741C9.40676 7.68793 9.40676 8.3211 9.79729 8.71162L11.2928 10.2071C11.6833 10.5976 12.3165 10.5976 12.707 10.2071L15.707 7.20711Z\" fill=\"#000000\"><\/path><\/svg>\t\t\t<\/div>\n\t\t<\/div>\n\t\t\t\t\t\t<\/div>\n\t\t\t\t<\/div>\n\t\t\t\t<div class=\"elementor-element elementor-element-6ec7ba19 elementor-widget elementor-widget-text-editor\" data-id=\"6ec7ba19\" data-element_type=\"widget\" data-widget_type=\"text-editor.default\">\n\t\t\t\t<div class=\"elementor-widget-container\">\n\t\t\t\t\t\t\t\t\t Tout public. \t\t\t\t\t\t\t\t<\/div>\n\t\t\t\t<\/div>\n\t\t\t\t<\/div>\n\t\t\t\t<\/div>\n\t\t\t\t\t<\/div>\n\t\t\t\t<\/div>\n\t\t\t\t<\/div>\n\t\t","protected":false},"excerpt":{"rendered":"<p>Inscrivez-vous d\u00e8s maintenant !<\/p>\n","protected":false},"author":1,"featured_media":0,"parent":0,"menu_order":0,"comment_status":"closed","ping_status":"closed","template":"","meta":{"_acf_changed":false,"footnotes":""},"categories":[13,9],"tags":[],"class_list":["post-221","page","type-page","status-publish","hentry","category-formations_toutes","category-formations_par_niveau"],"acf":[],"_links":{"self":[{"href":"https:\/\/lux-editions.fr\/wwww2\/wp-json\/wp\/v2\/pages\/221","targetHints":{"allow":["GET"]}}],"collection":[{"href":"https:\/\/lux-editions.fr\/wwww2\/wp-json\/wp\/v2\/pages"}],"about":[{"href":"https:\/\/lux-editions.fr\/wwww2\/wp-json\/wp\/v2\/types\/page"}],"author":[{"embeddable":true,"href":"https:\/\/lux-editions.fr\/wwww2\/wp-json\/wp\/v2\/users\/1"}],"replies":[{"embeddable":true,"href":"https:\/\/lux-editions.fr\/wwww2\/wp-json\/wp\/v2\/comments?post=221"}],"version-history":[{"count":1,"href":"https:\/\/lux-editions.fr\/wwww2\/wp-json\/wp\/v2\/pages\/221\/revisions"}],"predecessor-version":[{"id":223,"href":"https:\/\/lux-editions.fr\/wwww2\/wp-json\/wp\/v2\/pages\/221\/revisions\/223"}],"wp:attachment":[{"href":"https:\/\/lux-editions.fr\/wwww2\/wp-json\/wp\/v2\/media?parent=221"}],"wp:term":[{"taxonomy":"category","embeddable":true,"href":"https:\/\/lux-editions.fr\/wwww2\/wp-json\/wp\/v2\/categories?post=221"},{"taxonomy":"post_tag","embeddable":true,"href":"https:\/\/lux-editions.fr\/wwww2\/wp-json\/wp\/v2\/tags?post=221"}],"curies":[{"name":"wp","href":"https:\/\/api.w.org\/{rel}","templated":true}]}}